{"id":181,"date":"2025-09-18T16:20:49","date_gmt":"2025-09-18T13:20:49","guid":{"rendered":"http:\/\/www.artesamarine.com\/?page_id=181"},"modified":"2025-09-24T12:37:30","modified_gmt":"2025-09-24T09:37:30","slug":"anil-marin","status":"publish","type":"page","link":"http:\/\/www.artesamarine.com\/index.php\/anil-marin\/","title":{"rendered":"An\u0131l Marin"},"content":{"rendered":"\n<h1><\/h1>\n<h1 style=\"text-align: center;\">Modellerimiz<\/h1>\n<p>&nbsp;<\/p>\n<h3 class=\"product-code\" style=\"text-align: center;\"><b>ANIL MAR\u0130N 4.80 CC<\/b><\/h3>\n<h3 class=\"product-code\" style=\"text-align: center;\"><b>ANIL MAR\u0130N 5.15 CC<\/b><\/h3>\n<h3 class=\"product-code\" style=\"text-align: center;\"><b>ANIL MAR\u0130N 5.15 BR<\/b><\/h3>\n<h3 class=\"product-code\" style=\"text-align: center;\"><b>ANIL MAR\u0130N 5.80 CC<\/b><\/h3>\n<h3 class=\"product-code\" style=\"text-align: center;\"><b>6.80 OPEN<\/b><\/h3>\n<h3 class=\"product-code\" style=\"text-align: center;\"><b>6.80 WA KAMARALI<\/b><\/h3>\n<h3 class=\"product-code\" style=\"text-align: center;\"><b>8.90 WA KAMARALI<\/b><\/h3>\n","protected":false},"excerpt":{"rendered":"<p>Modellerimiz &nbsp; ANIL MAR\u0130N 4.80 CC ANIL MAR\u0130N 5.15 CC ANIL MAR\u0130N 5.15 BR ANIL MAR\u0130N 5.80 CC 6.80 OPEN 6.80 WA KAMARALI 8.90 WA KAMARALI<\/p>\n","protected":false},"author":1,"featured_media":0,"parent":0,"menu_order":0,"comment_status":"closed","ping_status":"closed","template":"","meta":{"footnotes":""},"class_list":["post-181","page","type-page","status-publish","hentry"],"_links":{"self":[{"href":"http:\/\/www.artesamarine.com\/index.php\/wp-json\/wp\/v2\/pages\/181","targetHints":{"allow":["GET"]}}],"collection":[{"href":"http:\/\/www.artesamarine.com\/index.php\/wp-json\/wp\/v2\/pages"}],"about":[{"href":"http:\/\/www.artesamarine.com\/index.php\/wp-json\/wp\/v2\/types\/page"}],"author":[{"embeddable":true,"href":"http:\/\/www.artesamarine.com\/index.php\/wp-json\/wp\/v2\/users\/1"}],"replies":[{"embeddable":true,"href":"http:\/\/www.artesamarine.com\/index.php\/wp-json\/wp\/v2\/comments?post=181"}],"version-history":[{"count":8,"href":"http:\/\/www.artesamarine.com\/index.php\/wp-json\/wp\/v2\/pages\/181\/revisions"}],"predecessor-version":[{"id":359,"href":"http:\/\/www.artesamarine.com\/index.php\/wp-json\/wp\/v2\/pages\/181\/revisions\/359"}],"wp:attachment":[{"href":"http:\/\/www.artesamarine.com\/index.php\/wp-json\/wp\/v2\/media?parent=181"}],"curies":[{"name":"wp","href":"https:\/\/api.w.org\/{rel}","templated":true}]}}